{"id":15280,"date":"2014-08-29T09:16:53","date_gmt":"2014-08-29T09:16:53","guid":{"rendered":"http:\/\/demo.qodeinteractive.com\/bridge35\/?page_id=15280"},"modified":"2024-05-09T16:44:55","modified_gmt":"2024-05-09T14:44:55","slug":"about-us","status":"publish","type":"page","link":"https:\/\/www.lokiss.art\/?page_id=15280","title":{"rendered":"Lokiss bio"},"content":{"rendered":"<p>[vc_row css_animation=&#8221;&#8221; row_type=&#8221;row&#8221; use_row_as_full_screen_section=&#8221;no&#8221; type=&#8221;grid&#8221; angled_section=&#8221;no&#8221; text_align=&#8221;left&#8221; background_image_as_pattern=&#8221;without_pattern&#8221; padding_top=&#8221;60&#8243;][vc_column][vc_column_text]<\/p>\n<h6><span style=\"color: #333333;\"><strong>BIOGRAPHIE \/ BIOGRAPHY<\/strong><\/span><\/h6>\n<p>[\/vc_column_text][vc_empty_space height=&#8221;20&#8243;][vc_row_inner row_type=&#8221;row&#8221; type=&#8221;full_width&#8221; text_align=&#8221;left&#8221; css_animation=&#8221;&#8221;][vc_column_inner width=&#8221;3\/4&#8243;][vc_column_text css=&#8221;.vc_custom_1667051553349{margin-bottom: 20px !important;}&#8221;]<\/p>\n<h3><strong>Vincent ELKA <\/strong>\/<strong> LOKISS<\/strong><\/h3>\n<p><span style=\"color: #808080;\"><em>France \/ Earth<\/em><\/span><\/p>\n<h4><strong>Mail <\/strong>: <a href=\"mailto:contact@lokiss.art\">contact@lokiss.art<\/a><\/h4>\n<h4><strong>Vimeo : <a href=\"https:\/\/vimeo.com\/user7052663\" target=\"_blank\" rel=\"noopener\">Vincent Elka<\/a><\/strong><\/h4>\n<h4><strong>Soundcloud : <a href=\"https:\/\/soundcloud.com\/vincent-elka\" target=\"_blank\" rel=\"noopener\">Vincent Elka <\/a><\/strong><\/h4>\n<h4><strong>Instagram :\u00a0<a href=\"https:\/\/www.instagram.com\/lokiss.out\" target=\"_blank\" rel=\"noopener\">lokiss.out<\/a><\/strong><\/h4>\n<p><span class=\"ILfuVd\" lang=\"fr\"><span class=\"hgKElc\">\u00a0<\/span><\/span><\/p>\n<h4><span style=\"color: #333333;\"><strong>1<\/strong><strong>_ EXPOSITIONS NOUVEAUX MEDIA \/ NEW MEDIA INSTALLATIONS<\/strong><\/span><\/h4>\n<h5><span style=\"color: #808080;\">2011 : \u2018QUI EST VOTRE SAUVAGE ?\u2019 \u2013 MUS\u00c9E DU QUAI BRANLY _ PARIS _ FR<\/span><\/h5>\n<h5><span style=\"color: #808080;\">2009 : SHO(U)T V 1.3 _ CRASH CRUSH FESTIVAL _ DEN HAAG _ HOL<\/span><\/h5>\n<h5><span style=\"color: #808080;\">2009 : SHO(U)T V 3.0 _ FESTIVAL SECONDE NATURE \/ PRELJOCAJ _ AIX EN PROVENCE _ FR<\/span><\/h5>\n<h5><span style=\"color: #808080;\">2008 : SHO(U)T V 1.0 _ NUITS BLANCHES _ AMIENS \u2013 FR<\/span><\/h5>\n<h5><span style=\"color: #808080;\">2008 : SHO(U)T V 2.0 _ LES NUITS DE L\u2019OSOSPHERE _ STRASBOURG _ FR<\/span><\/h5>\n<h5><span style=\"color: #808080;\">2008 : SHO(U)T V 1.2 _ ELEKTRA FESTIVAL _ MONTREAL _ CA<\/span><\/h5>\n<h5><span style=\"color: #808080;\">2008 : SHO(U)T V 1.0 _ ART ROCK FESTIVAL _ ST BRIEUC _ FR<\/span><\/h5>\n<h5><span style=\"color: #808080;\">2008 : SHO(U)T V 1.2 _ ROTTERDAM FILM FESTIVAL 2008 _ FREE RADICALS _ HOL<\/span><\/h5>\n<h5><span style=\"color: #808080;\">2007 : SHO(U)T V 1.0 _ CYBERARTS 2007 _ OK CENTRUM _ LINZ _ AT<\/span><\/h5>\n<h5><span style=\"color: #808080;\">2006 : COMPUTER FINE ARTS COLLECTION OF DORON GOLAN _ DAM F Berlin \u2013 D<\/span><\/h5>\n<h4><span style=\"color: #333333;\"><strong>2<\/strong><strong>_ EXPOSITIONS \/ EXHIBITIONS<\/strong><\/span><\/h4>\n<h5><span style=\"color: #808080;\">2023 : CAPITAL(E)S \u2013 Mairie de Paris_ FR<\/span><\/h5>\n<h5><span style=\"color: #808080;\">2019 : THE SOUL \u2013 Controversy @L&#8217;Alternatif \u2013 Paris La D\u00e9fense_ FR<\/span><\/h5>\n<h5><span style=\"color: #808080;\">2017 : EXTAZE \u2013 GALERIE CELAL M13 \u2013 Paris _ FR<\/span><\/h5>\n<h5><span style=\"color: #808080;\">2016 : W &amp; BEYOND &#8211; GALERIE CELAL M13 \u2013 Paris _ FR<\/span><\/h5>\n<h5><span style=\"color: #808080;\">2016 : TOPOLOGIES &#8211; GALERIE CELAL \u2013 Paris _ FR<\/span><\/h5>\n<h5><span style=\"color: #808080;\">2015 : EINMAN IST KEIN MAN &#8211; GALERIE CELAL \u2013 Paris _ FR<\/span><\/h5>\n<h5><span style=\"color: #808080;\">2015 : INSTANT 15.1 \u2013 HAUSAMMANN GALLERY \u2013 Cortina d\u2019Ampezzo &#8211; IT<\/span><\/h5>\n<h5><span style=\"color: #808080;\">2014 : INSTANT 14.2 &#8211; GALERIE PERCEPT \u2013 Lyon _ FR<\/span><\/h5>\n<h5><span style=\"color: #808080;\">2014 : INSTANT 14.1 &#8211; GALERIE PERCEPT \u2013 Lyon _ FR<\/span><\/h5>\n<h5><span style=\"color: #808080;\">2013 : ONDES &#8211; GALERIE ASFAP \/ Agathe SEGURA \u2013 Bruxelles _ B<\/span><\/h5>\n<h5><span style=\"color: #808080;\">2013 : ABSTRACTION 21 &#8211; GALERIE H\u00c9L\u00c8NE BAILLY \u2013 Paris _ FR<\/span><\/h5>\n<h5><span style=\"color: #808080;\">2013 : WILD GONZO STYLE &#8211; GALERIE LAVIGNES-BASTILLE \u2013 Paris _ FR<\/span><\/h5>\n<h5><span style=\"color: #808080;\">2012 : 12 SILENCES &#8211; GALERIE POPY ARVANI \u2013 Paris _ FR<\/span><\/h5>\n<h5><span style=\"color: #808080;\">2011 : HISTOIRE DIRECTE \u2013 LA PLACE FORTE \u2013 Paris _ FR<\/span><\/h5>\n<h5><span style=\"color: #808080;\">2011 : \u2026VS INTEGRATION \u2013 LA PLACE FORTE \u2013 Paris _ FR<\/span><\/h5>\n<h5><span style=\"color: #808080;\">2010 : LES FORCES \u2013 LA PLACE FORTE \u2013 Paris _ FR<\/span><\/h5>\n<h5><span style=\"color: #808080;\">2009 : BLACK GREASE _ LES NUITS DE L\u2019OSOSPHERE _ Strasbourg _ FR<\/span><\/h5>\n<h5><span style=\"color: #808080;\">2008 : MADGA DANYSZ \u2013 Paris _ FR<\/span><\/h5>\n<h5><span style=\"color: #808080;\">2005 : THE STEIGER PROJECT _ Rotterdam _ HOL<\/span><\/h5>\n<h5><span style=\"color: #808080;\">2005 : BACKJUMPS LIVE ISSUE 2 _ Bethanien Kunstraumkreuzberg _ Berlin _ D<\/span><\/h5>\n<h5><span style=\"color: #808080;\">2005 : \u2018THE ABC\u2019 _ Neurotitan Gallery _ Berlin _ D<\/span><\/h5>\n<h5><span style=\"color: #808080;\">2004 : KOLN _ International Art.fair _ MAMA Gallery _ D<\/span><\/h5>\n<h5><span style=\"color: #808080;\"><a style=\"color: #808080;\">2004 : NORTH _ Ponthuis _ Amsterdam _ HOL<\/span><\/h5>\n<h5><span style=\"color: #808080;\">2004 : FLIP THE SCRIPT_NY_ Berlin \/ Tokyo _ DieselShop<\/span><\/h5>\n<h5><span style=\"color: #808080;\">2003 : DANGEROUS WORKS _ Spazio disponibile _ Florence _ IT<\/span><\/h5>\n<h5><span style=\"color: #808080;\">2003 : BERGST\u00dcB _ Berlin _ D<\/span><\/h5>\n<h5><span style=\"color: #808080;\">2003 : BACK JUMPS LIVE ISSUE _ Bethanien Kunstraumkreuzberg _ Berlin _ D<\/span><\/h5>\n<h5><span style=\"color: #808080;\">2003 : SIOCIALE DIENST_ PLANET ART_ Enschede _ HOL<\/span><\/h5>\n<h5><span style=\"color: #808080;\">2003 : YUZEN HISTORY MIX&#8221;_Tokyo _ Eindhoven _ HOL<\/span><\/h5>\n<h5><span style=\"color: #808080;\">2001 : &#8220;AMERIKABUL&#8221;_ MAMA&#8217;s gallery _ Rotterdam _ HOL<\/span><\/h5>\n<h5><span style=\"color: #808080;\">2001 : WORLD SPRAY 2001_ Milan _ IT<\/span><\/h5>\n<h5><span style=\"color: #808080;\">2000 : URBAN DISCIPLINE_ Hambourg _ D<\/span><\/h5>\n<h5><span style=\"color: #808080;\">2000 : &#8220;NEXT!&#8221;_ AKADEMIE DER KUNST _ Berlin _ D<\/span><\/h5>\n<h5><span style=\"color: #808080;\">1999 : ESPACE JEAN BLEUZEN _ Vanves _ FR<\/span><\/h5>\n<h5><span style=\"color: #808080;\">1996 : GALERIE KELLER _ Paris _ FR<\/span><\/h5>\n<h5><span style=\"color: #808080;\">1996 : GALERIE ALESSANDRO VIVAS _ Paris _ FR<\/span><\/h5>\n<h4><span style=\"color: #333333;\"><strong>3<\/strong><strong>_ AUTEUR &amp; PHOTOGRAPHE \/ AUTHOR &amp; PHOTOGRAPHER<\/strong><\/span><\/h4>\n<h5><span style=\"color: #808080;\">2018 : \u2018GRAFFITI &#8211; 50 ans d\u2019interactions urbaines\u2019 _ Livre \u00c9ditions HAZAN _FR<\/span><\/h5>\n<h5><span style=\"color: #808080;\">2017 : \u2018GRAFFITI [WRITING] \u2013 EXPRESSIONS MANIFESTES\u2019 _ Livre \u00c9ditions HAZAN _FR<\/span><\/h5>\n<h4><span style=\"color: #333333;\"><strong>4_ACHATS PAR L\u2019ETAT \/ STATE PURCHASES<\/strong><\/span><\/h4>\n<h5><span style=\"color: #808080;\">2019 : MUCEM &#8211; Ville de Marseille \/ R\u00e9gion PACA (s\u00e9rie de dessins)<\/span><\/h5>\n<h5><span style=\"color: #808080;\">2018\u00a0: MUCEM &#8211; Ville de Marseille \/ R\u00e9gion PACA (installation vid\u00e9o)<\/span><\/h5>\n<h5><span style=\"color: #808080;\">2015\u00a0: Ville de Lyon (peinture)<\/span><\/h5>\n<h4><span style=\"color: #333333;\"><strong>5_ FLASH ART<\/strong><\/span><\/h4>\n<h5><span style=\"color: #808080;\">2009 : www.laplaceforte.org (site ferm\u00e9 \/ closed)<\/span><\/h5>\n<h5><span style=\"color: #808080;\">2002_2005 : www.bloodbonus.com (site ferm\u00e9 \/ closed)<\/span><\/h5>\n<h5><span style=\"color: #808080;\">1998_2004 : www.lokiss.com (site ferm\u00e9 \/ closed)<\/span><\/h5>\n<h4><span style=\"color: #333333;\"><strong>6<\/strong><\/span><strong><span style=\"color: #333333;\">_ NET ART<\/span> <\/strong><\/h4>\n<h5><span style=\"color: #808080;\">2006 : OH ! ONLINE VIDEO MAGAZINE _ D<\/span><\/h5>\n<h5><span style=\"color: #808080;\">2003 : MEDIENTURM.at _ AT<\/span><\/h5>\n<h5><span style=\"color: #808080;\">2003 : COMPUTER FINE ARTS _ US<\/span><\/h5>\n<h5><span style=\"color: #808080;\">2003 : WARTIME _ OnLine\/offline \u2013 UK<\/span><\/h5>\n<h4><span style=\"color: #333333;\"><strong>7<\/strong><strong>_ COMPOSITION MUSICALE \/ MUSIC COMPOSITIONS<\/strong><\/span><\/h4>\n<h5><span style=\"color: #808080;\">2021 : &#8220;NIGHT RED&#8221; &#8211; Tribute to Rammellzee _London_UK<br \/>\n<\/span><\/h5>\n<h5><span style=\"color: #808080;\">2013 : NOFUTURISM.COM _ ONLINE LP<\/span><\/h5>\n<h5><span style=\"color: #808080;\">2009 : BLACK GREASE _ LES NUITS DE L\u2019OSOSPHERE _ Strasbourg _ FR<\/span><\/h5>\n<p><span style=\"color: #333333;\"><strong>8<\/strong><strong>_ PROJECTIONS PUBLIQUES<\/strong> <strong>\/ PUBLIC SCREENINGS<\/strong><\/span><\/p>\n<h5><span style=\"color: #808080;\">2004 : PUBLIC PLAYGROUNDS _ Dusseldorf _ D<\/span><\/h5>\n<h5><span style=\"color: #808080;\">2004 : MEDIA SPACE 04 _ media in space\/space in media_ Stuttgart _ D<\/span><\/h5>\n<h4><span style=\"color: #333333;\"><strong>9<\/strong><strong>_ PROJETS ARTISTIQUES \/ ART PROJECTS<\/strong><\/span><\/h4>\n<h5><span style=\"color: #808080;\">2020-2021 : DOXA 01 \u2013 Multidisciplinary installation &#8211; Vannes _FR<br \/>\n<\/span><\/h5>\n<h5><span style=\"color: #808080;\">2012 : ERROR HORROR \u2013 3D multiscreens video installation<\/span><\/h5>\n<h5><span style=\"color: #808080;\">2006 : SPORT RESEARCH &#8211; Les T\u00e9l\u00e9cr\u00e9ateurs \u2013 Machine Molle \u2013 Paris _ FR<\/span><\/h5>\n<h5><span style=\"color: #808080;\">2004_2005 : PEACEFIGHTERS _ Israel _ Palestine.<\/span><\/h5>\n<h5><span style=\"color: #808080;\">2004_2005 : THE GRAFFITIST COOKBOOK _ Hypermedia in the agit prop cuisine \/DVD.<\/span><\/h5>\n<h4><span style=\"color: #333333;\"><strong>10<\/strong><strong>_ CENTRE D\u2019ART \/ ART GALLERY MANAGING<\/strong><\/span><\/h4>\n<h5><span style=\"color: #808080;\">2009_2011 : LA PLACE FORTE : MANAGER &amp; ART DIRECTOR &#8211; Paris _ FR<\/span><\/h5>\n<h4><span style=\"color: #333333;\"><strong>11<\/strong><strong>_ CONF\u00c9RENCE \/ CONFERENCE<\/strong><\/span><\/h4>\n<h5><span style=\"color: #808080;\">2016 : DEDALE \u2013 Vannes_FR<\/span><\/h5>\n<h5><span style=\"color: #808080;\">2016 : OXYMORE \u2013 Paris la Villette (Minist\u00e8re de la culture)_FR<\/span><\/h5>\n<h5><span style=\"color: #808080;\">2004 : ROTTERDAM_FILM FESTIVAL_ OFF CORSO_POWERPLAY_ Lokiss VS Jodi _ HOL<\/span><\/h5>\n<h4><span style=\"color: #333333;\"><strong>12<\/strong><strong>_<\/strong> <strong>BOURSES \/ GRANTS<\/strong><\/span><\/h4>\n<h5><span style=\"color: #808080;\">2008 : ARCADI _ SOUTIEN \u00c0 LA DIFFUSION<\/span><\/h5>\n<h5><span style=\"color: #808080;\">2006 : DRAC LIMOUSIN _ SOUTIEN \u00c0 LA CR\u00c9ATION<\/span><\/h5>\n<h5><span style=\"color: #808080;\">2006 : SCAM _ SOUTIEN \u00c0 LA CR\u00c9ATION<\/span><\/h5>\n<h5><span style=\"color: #808080;\">2005 : ACME _ ARCADI _ SOUTIEN \u00c0 LA CR\u00c9ATION<\/span><\/h5>\n<h5><span style=\"color: #808080;\">1994 : AM\u00c9NAGEMENT D\u2019ATELIER _ DRAC PICARDIE<\/span><\/h5>\n<h4><span style=\"color: #333333;\"><strong>13<\/strong><strong>_ R\u00c9COMPENSES \/ AWARDS<\/strong><\/span><\/h4>\n<h5><span style=\"color: #808080;\">2007 : SHO(U)T : ARS ELECTRONICA _ HONORARY PRIZE _ INTERACTIVE ART<\/span><\/h5>\n<h4><span style=\"color: #333333;\"><strong>14<\/strong><strong>_ FRESQUES \/ MURALS<\/strong><\/span><\/h4>\n<h5><span style=\"color: #808080;\">2022 : Exposition &#8220;Capital(e)s&#8221; &#8211; Mairie de Paris_FR<\/span><\/h5>\n<h5><span style=\"color: #808080;\">2022 : Festival Peinture Fraiche &#8211; Lyon_FR<\/span><\/h5>\n<h5><span style=\"color: #808080;\">2019 : Move in Silence &#8211; Saint Rapha\u00ebl _FR<\/span><\/h5>\n<h5><span style=\"color: #808080;\">2018\u00a0: Projet BLQ \u2013 Bologne _IT<\/span><\/h5>\n<h5><span style=\"color: #808080;\">2017\u00a0: Projet Hip Hop citoyen \u2013 Paris la Villette _ FR<\/span><\/h5>\n<h5><span style=\"color: #808080;\">2016\u00a0: PAVILLON Carr\u00e9 de BAUDOIN\u00a0\u2013 Paris 20 \u2013 Association Art Azo\u00ef<\/span><\/h5>\n<h5><span style=\"color: #808080;\">2014 : \u2018FRONTIER\u2019 \u2013 Bologne _ IT<\/span><\/h5>\n<h5><span style=\"color: #808080;\">2012 : \u2018VANDAL\u2019 \/ Film d\u2019H\u00e9lier Cisterne \u2013 murals \/ fresques _ FR<\/span><\/h5>\n<h5><span style=\"color: #808080;\">2005 : HOMECORE STORE _ STICKERS + MURALS _ Paris _ FR<\/span><\/h5>\n<h5><span style=\"color: #808080;\">2004 : WRITERS TOUR _ FR<\/span><\/h5>\n<h5><span style=\"color: #808080;\">2002 : UNICOR _ Villepinte Expo _ FR<\/span><\/h5>\n<h5><span style=\"color: #808080;\">2000 : PUBLIC MURAL _ MAIRIE DE NIORT _ FR<\/span><\/h5>\n<h5><span style=\"color: #808080;\">1999 : PHILIPS HEADQUARTER _ Hambourg _ D<\/span><\/h5>\n<h5><span style=\"color: #808080;\">1999 : CENTRE D\u2019ACTION CULTURELLE _ MAIRIE DE NIORT _ FR<\/span><\/h5>\n<h5><span style=\"color: #808080;\">1999 : BACK TO PLANET ROCK _ Eindoven _ HOL<\/span><\/h5>\n<h5><span style=\"color: #808080;\">1998 : MAISON DES JEUNES GRAND VAUX_SAVIGNY\/ORGE _ FR<\/span><\/h5>\n<h5><span style=\"color: #808080;\">1998 : STADE _ MAIRIE DE SAVIGNY\/ORGE _ FR<\/span><\/h5>\n<h5><span style=\"color: #808080;\">1998 : COLLEGE BOURSEUIL _PARIS 15 _ FR<\/span><\/h5>\n<h5><span style=\"color: #808080;\">1996 : \u201cJULIE LESCAUT\u201d _ TF 1 _ FR<\/span><\/h5>\n<h5><span style=\"color: #808080;\">1993 : HOPITAL DE LONJUMEAU (91) _ FR<\/span><\/h5>\n<h5><span style=\"color: #808080;\">1990 : \u201cPASSIONS\u201d _ TF 1<\/span><\/h5>\n<h5><span style=\"color: #808080;\">1990 : LYCEE PROFESSIONNEL BOURSEUIL _ Paris _ FR<\/span><\/h5>\n<h5><span style=\"color: #808080;\">1989 : CABINET D\u2019ARCHITECTURE AABB &#8211; Paris _ FR<\/span><\/h5>\n<h5><span style=\"color: #808080;\">1989 : NOUVEAU MARCHE DE CACHAN (94) _ FR<\/span><\/h5>\n<h5><span style=\"color: #808080;\">1989 : BATIMAT_ OGER International _ La D\u00e9fense _ Paris _ FR<\/span><\/h5>\n<h5><span style=\"color: #808080;\">1989 : ENSAAMA Ecole sup\u00e9rieure des Arts et M\u00e9tiers d\u2019art _ Paris _ FR<\/span><\/h5>\n<h5><span style=\"color: #808080;\">1988 : LE PRINTEMPS Haussmann _ Paris \u2013 FR<\/span><\/h5>\n<h4><span style=\"color: #333333;\"><strong>15<\/strong><strong>_ ACTEUR \/ ACTOR<\/strong><\/span><\/h4>\n<h5><span style=\"color: #808080;\">2012 : \u2018VANDAL\u2019 \/ Film d\u2019H\u00e9lier Cisterne _ FR (Prix Louis Deluc du premier film 2014)<\/span><\/h5>\n<h4><span style=\"color: #333333;\"><strong>16<\/strong><strong>_ ILLUSTRATIONS \/ GRAPHIC DESIGN<\/strong><\/span><\/h4>\n<h5><span style=\"color: #808080;\">2012 : REVUE TRANSFUGE \u2013 OCTOBRE \u2013 2 IMAGES _ FR<\/span><\/h5>\n<h5><span style=\"color: #808080;\">2012 : REVUE TRANSFUGE \u2013 NOVEMBRE \u2013 1 IMAGE _ FR<\/span><\/h5>\n<h4><span style=\"color: #333333;\"><strong>BIOGRAPHIE \/ BIOGRAPHY<\/strong><\/span><\/h4>\n<h5><span style=\"color: #808080;\">2016 : \u2018Ce qu\u2019il reste de nuit\u2019 \u2013 SOPHIE PUJAS \u2013 Editions Buchet Chastel _ FR<\/span><\/h5>\n<h4><span style=\"color: #333333;\"><strong>LIVRES &amp; DVD <\/strong><\/span><\/h4>\n<h5><span style=\"color: #808080;\">2013 : \u2018ALPHABEATS\u2019 \u2013 Woshe \u2013 Ed. Pyramid _ Fr<\/span><\/h5>\n<h5><span style=\"color: #808080;\">2010 : \u2018ALL CITY WRITERS\u2019 \u2013 Andrea Caputo _ IT<\/span><\/h5>\n<h5><span style=\"color: #808080;\">2009 : \u2018MURAL ART VOLUME 2\u2019 \u2013 Kiriakos Losifidis_ GR<\/span><\/h5>\n<h5><span style=\"color: #808080;\">2006 : \u2018BOMB IT\u2019 _ Jon Reiss _ US<\/span><\/h5>\n<h5><span style=\"color: #808080;\">2005 : \u2018IN SITU\u2019 _ Ed. Alternatives _ FR<\/span><\/h5>\n<h5><span style=\"color: #808080;\">2005 : \u201cPARIS CHARACTERS\u201d_ 2GOOD EDITEURS _ FR<\/span><\/h5>\n<h5><span style=\"color: #808080;\">2004 : \u201cWRITERS\u201d_ RESISTANCE FILMS _ FR<\/span><\/h5>\n<h5><span style=\"color: #808080;\">2004 : &#8220;HOW TO PROVOKE TODAY ?&#8221;_ REBEL ART #1 _ D<\/span><\/h5>\n<h5><span style=\"color: #808080;\">2004 : &#8220;STREET ART FROM 5 CONTINENTS&#8221;_ Thames and Hudson _ UK<\/span><\/h5>\n<h5><span style=\"color: #808080;\">2002 : &#8220;WEB MOTION GRAPHICS&#8221;_ Ed. Dimensional Illustrators _ US<\/span><\/h5>\n<h5><span style=\"color: #808080;\">2001 : &#8220;KAPITAL&#8221;_ Ed. Alternatives _ FR<\/span><\/h5>\n<h5><span style=\"color: #808080;\">1991 : &#8220;PARIS TONKAR&#8221; &#8211; Ed. Massot et Pillement _ FR<\/span><\/h5>\n<h5><span style=\"color: #808080;\">1990 : &#8220;L\u2019ART LIBRE DANS LA VILLE \u00bb _ Paris, Ed. Herscher _ FR<\/span><\/h5>\n<h5><span style=\"color: #808080;\">1989 : &#8220;SPRAY CAN ART&#8221; &#8211; Ed. Thames and Hudson _ UK<\/span><\/h5>\n<h4><span style=\"color: #333333;\"><strong>RADIO<\/strong><\/span><\/h4>\n<h5><span style=\"color: #808080;\">2016\u00a0: LA GRANDE TABLE _ France culture _ Interview<\/span><\/h5>\n<h5><span style=\"color: #808080;\">2006\u00a0: METROPOLITAINS _ France Culture _ Interview _ 19\/04\/2006<\/span><\/h5>\n<h4><span style=\"color: #333333;\"><strong>SPONSORING INDUSTRIEL \/ INDUSTRIAL PARTNERSHIP<\/strong><\/span><\/h4>\n<h5><span style=\"color: #808080;\">2020 : SPORT &amp; NATURE \u2013 INOX _FR<\/span><\/h5>\n<h5><span style=\"color: #808080;\">2018 : MOLOTOW \u2013 PREMIUM BELTON _D<\/span><\/h5>\n<h5><span style=\"color: #808080;\">2014 : KDS \/ STEEL LASER CUT \u2013 LYON _ FR<\/span><\/h5>\n<h5><span style=\"color: #808080;\">2014 : MOLOTOW \u2013 URBAN FINE ARTS _D<\/span><\/h5>\n<p>[\/vc_column_text][\/vc_column_inner][vc_column_inner width=&#8221;1\/4&#8243;][vc_single_image image=&#8221;15761&#8243; img_size=&#8221;full&#8221; alignment=&#8221;right&#8221; onclick=&#8221;zoom&#8221; qode_css_animation=&#8221;element_from_right&#8221; transition_delay=&#8221;0.2&#8243; qode_hover_animation=&#8221;zoom_in&#8221; css=&#8221;.vc_custom_1539090852702{margin-bottom: 10px !important;}&#8221;][vc_single_image image=&#8221;15736&#8243; img_size=&#8221;full&#8221; alignment=&#8221;right&#8221; qode_css_animation=&#8221;element_from_right&#8221; transition_delay=&#8221;0.4&#8243; qode_hover_animation=&#8221;zoom_in&#8221; css=&#8221;.vc_custom_1539090864660{margin-top: 0px !important;margin-bottom: 10px !important;}&#8221;][vc_single_image image=&#8221;15759&#8243; img_size=&#8221;full&#8221; alignment=&#8221;right&#8221; qode_css_animation=&#8221;element_from_right&#8221; transition_delay=&#8221;0.6&#8243; qode_hover_animation=&#8221;zoom_in&#8221; css=&#8221;.vc_custom_1539090874330{margin-top: 0px !important;margin-bottom: 10px !important;}&#8221;][vc_empty_space height=&#8221;100&#8243;][vc_single_image image=&#8221;15763&#8243; img_size=&#8221;full&#8221; alignment=&#8221;right&#8221; qode_css_animation=&#8221;element_from_right&#8221; transition_delay=&#8221;0.2&#8243; qode_hover_animation=&#8221;zoom_in&#8221; css=&#8221;.vc_custom_1539099642824{margin-top: 0px !important;margin-bottom: 10px !important;}&#8221;][vc_single_image image=&#8221;15765&#8243; img_size=&#8221;full&#8221; alignment=&#8221;right&#8221; qode_css_animation=&#8221;element_from_right&#8221; transition_delay=&#8221;0.4&#8243; qode_hover_animation=&#8221;zoom_in&#8221; css=&#8221;.vc_custom_1539099653952{margin-top: 0px !important;margin-bottom: 10px !important;}&#8221;][vc_single_image image=&#8221;15766&#8243; img_size=&#8221;full&#8221; alignment=&#8221;right&#8221; qode_css_animation=&#8221;element_from_right&#8221; transition_delay=&#8221;0.6&#8243; qode_hover_animation=&#8221;zoom_in&#8221; css=&#8221;.vc_custom_1539099664197{margin-top: 0px !important;margin-bottom: 10px !important;}&#8221;][vc_empty_space height=&#8221;100&#8243;][vc_single_image image=&#8221;15776&#8243; img_size=&#8221;full&#8221; alignment=&#8221;right&#8221; qode_css_animation=&#8221;element_from_right&#8221; transition_delay=&#8221;0.2&#8243; qode_hover_animation=&#8221;zoom_in&#8221; css=&#8221;.vc_custom_1539099677484{margin-top: 0px !important;margin-bottom: 10px !important;}&#8221;][vc_single_image image=&#8221;15896&#8243; img_size=&#8221;full&#8221; alignment=&#8221;right&#8221; qode_css_animation=&#8221;element_from_right&#8221; transition_delay=&#8221;0.4&#8243; qode_hover_animation=&#8221;zoom_in&#8221; css=&#8221;.vc_custom_1539424233598{margin-top: 0px !important;margin-bottom: 10px !important;}&#8221;][vc_single_image image=&#8221;15785&#8243; img_size=&#8221;full&#8221; alignment=&#8221;right&#8221; qode_css_animation=&#8221;element_from_right&#8221; transition_delay=&#8221;0.6&#8243; qode_hover_animation=&#8221;zoom_in&#8221; css=&#8221;.vc_custom_1539099693351{margin-top: 0px !important;margin-bottom: 10px !important;}&#8221;][\/vc_column_inner][\/vc_row_inner][\/vc_column][\/vc_row]<\/p>\n\n\n\n<p>[vc_row css_animation=&#8221;&#8221; row_type=&#8221;row&#8221; use_row_as_full_screen_section=&#8221;no&#8221; type=&#8221;full_width&#8221; angled_section=&#8221;no&#8221; text_align=&#8221;left&#8221; background_image_as_pattern=&#8221;without_pattern&#8221;][vc_column][vc_empty_space height=&#8221;25&#8243;][\/vc_column][\/vc_row]<\/p>\n","protected":false},"excerpt":{"rendered":"<p>[vc_row css_animation=&#8221;&#8221; row_type=&#8221;row&#8221; use_row_as_full_screen_section=&#8221;no&#8221; type=&#8221;full_width&#8221; angled_section=&#8221;no&#8221; text_align=&#8221;left&#8221; background_image_as_pattern=&#8221;without_pattern&#8221;][vc_column][vc_empty_space height=&#8221;25&#8243;][\/vc_column][\/vc_row]<\/p>\n","protected":false},"author":1,"featured_media":0,"parent":0,"menu_order":0,"comment_status":"open","ping_status":"open","template":"full_width.php","meta":{"footnotes":""},"class_list":["post-15280","page","type-page","status-publish","hentry"],"_links":{"self":[{"href":"https:\/\/www.lokiss.art\/index.php?rest_route=\/wp\/v2\/pages\/15280","targetHints":{"allow":["GET"]}}],"collection":[{"href":"https:\/\/www.lokiss.art\/index.php?rest_route=\/wp\/v2\/pages"}],"about":[{"href":"https:\/\/www.lokiss.art\/index.php?rest_route=\/wp\/v2\/types\/page"}],"author":[{"embeddable":true,"href":"https:\/\/www.lokiss.art\/index.php?rest_route=\/wp\/v2\/users\/1"}],"replies":[{"embeddable":true,"href":"https:\/\/www.lokiss.art\/index.php?rest_route=%2Fwp%2Fv2%2Fcomments&post=15280"}],"version-history":[{"count":70,"href":"https:\/\/www.lokiss.art\/index.php?rest_route=\/wp\/v2\/pages\/15280\/revisions"}],"predecessor-version":[{"id":16980,"href":"https:\/\/www.lokiss.art\/index.php?rest_route=\/wp\/v2\/pages\/15280\/revisions\/16980"}],"wp:attachment":[{"href":"https:\/\/www.lokiss.art\/index.php?rest_route=%2Fwp%2Fv2%2Fmedia&parent=15280"}],"curies":[{"name":"wp","href":"https:\/\/api.w.org\/{rel}","templated":true}]}}